{"id":109,"date":"2023-07-08T11:00:22","date_gmt":"2023-07-08T11:00:22","guid":{"rendered":"https:\/\/simplydog.it\/?page_id=109"},"modified":"2024-05-05T18:24:49","modified_gmt":"2024-05-05T18:24:49","slug":"dog-sitter-como","status":"publish","type":"page","link":"https:\/\/simplydog.it\/","title":{"rendered":"Home"},"content":{"rendered":"\t<section class=\"section dark hide-for-small\" id=\"section_1287665099\">\n\t\t<div class=\"bg section-bg fill bg-fill  bg-loaded\" >\n\n\t\t\t\t<div class=\"video-overlay no-click fill visible\"><\/div>\n\t<video class=\"video-bg fill visible\" preload playsinline autoplay\n\t\tmuted\t\tloop>\n\t\t<source src=\"https:\/\/simplydog.it\/wp-content\/uploads\/2023\/07\/video-simplydog.mp4\" type=\"video\/mp4\">\t<\/video>\n\n\t\t\t\n\t\t\t\n\n\t\t<\/div>\n\n\t\t\n\t<div class=\"ux-shape-divider ux-shape-divider--bottom ux-shape-divider--style-curve-2\">\n\t\t<svg viewBox=\"0 0 1000 100\" xmlns=\"http:\/\/www.w3.org\/2000\/svg\" preserveAspectRatio=\"none\">\n\t<path class=\"ux-shape-fill\" d=\"M-24 100C493.5 -2.66667 804 -2.66667 1011 100H-24Z\"\/>\n<\/svg>\n\t<\/div>\n\n\t\t<div class=\"section-content relative\">\n\t\t\t\n<h2 class=\"uppercase\" style=\"text-align: center;\">LIBERI DI ESSERE CANI<\/h2>\n<h3 class=\"thin-font\" style=\"text-align: center;\">Fondamentale \u00e8 educare i cani ma mai quanto educare i padroni.<\/h3>\n\t\t<\/div>\n\n\t\t\n<style>\n#section_1287665099 {\n  padding-top: 50px;\n  padding-bottom: 50px;\n  min-height: 550px;\n}\n#section_1287665099 .section-bg-overlay {\n  background-color: rgba(76, 62, 47, 0.558);\n}\n#section_1287665099 .ux-shape-divider--top svg {\n  height: 150px;\n  --divider-top-width: 100%;\n}\n#section_1287665099 .ux-shape-divider--bottom svg {\n  height: 150px;\n  --divider-width: 222%;\n}\n#section_1287665099 .ux-shape-divider--bottom .ux-shape-fill {\n  fill: rgb(56, 46, 41);\n}\n@media (min-width:550px) {\n  #section_1287665099 .ux-shape-divider--bottom svg {\n    --divider-width: 100%;\n  }\n}\n@media (min-width:850px) {\n  #section_1287665099 {\n    padding-top: 90px;\n    padding-bottom: 90px;\n  }\n}\n<\/style>\n\t<\/section>\n\t\n\t<section class=\"section dark show-for-small\" id=\"section_608298529\">\n\t\t<div class=\"bg section-bg fill bg-fill  bg-loaded\" >\n\n\t\t\t\t<div class=\"video-overlay no-click fill visible\"><\/div>\n\t<video class=\"video-bg fill visible\" preload playsinline autoplay\n\t\tmuted\t\tloop>\n\t\t<source src=\"https:\/\/simplydog.it\/wp-content\/uploads\/2023\/07\/videoheader.mp4.mp4\" type=\"video\/mp4\">\t<\/video>\n\n\t\t\t\n\t\t\t\n\n\t\t<\/div>\n\n\t\t\n\t<div class=\"ux-shape-divider ux-shape-divider--bottom ux-shape-divider--style-curve-2\">\n\t\t<svg viewBox=\"0 0 1000 100\" xmlns=\"http:\/\/www.w3.org\/2000\/svg\" preserveAspectRatio=\"none\">\n\t<path class=\"ux-shape-fill\" d=\"M-24 100C493.5 -2.66667 804 -2.66667 1011 100H-24Z\"\/>\n<\/svg>\n\t<\/div>\n\n\t\t<div class=\"section-content relative\">\n\t\t\t\n<h2 class=\"uppercase\" style=\"text-align: center;\">LIBERI DI ESSERE CANI<\/h2>\n<h3 class=\"thin-font\" style=\"text-align: center;\">Fondamentale \u00e8 educare i cani ma mai quanto educare i padroni.<\/h3>\n\t\t<\/div>\n\n\t\t\n<style>\n#section_608298529 {\n  padding-top: 50px;\n  padding-bottom: 50px;\n  min-height: 550px;\n}\n#section_608298529 .section-bg-overlay {\n  background-color: rgba(76, 62, 47, 0.558);\n}\n#section_608298529 .ux-shape-divider--top svg {\n  height: 150px;\n  --divider-top-width: 100%;\n}\n#section_608298529 .ux-shape-divider--bottom svg {\n  height: 150px;\n  --divider-width: 222%;\n}\n#section_608298529 .ux-shape-divider--bottom .ux-shape-fill {\n  fill: rgb(56, 46, 41);\n}\n@media (min-width:550px) {\n  #section_608298529 .ux-shape-divider--bottom svg {\n    --divider-width: 100%;\n  }\n}\n@media (min-width:850px) {\n  #section_608298529 {\n    padding-top: 90px;\n    padding-bottom: 90px;\n  }\n}\n<\/style>\n\t<\/section>\n\t\n\t<section class=\"section dark\" id=\"section_366330128\">\n\t\t<div class=\"bg section-bg fill bg-fill  bg-loaded\" >\n\n\t\t\t\n\t\t\t<div class=\"loading-spin centered\"><\/div>\n\t\t\t\n\n\t\t<\/div>\n\n\t\t\n\n\t\t<div class=\"section-content relative\">\n\t\t\t\n<div class=\"row align-center\"  id=\"row-1193313772\">\n\n\t<div id=\"col-1741897179\" class=\"col medium-7 small-12 large-8\"  >\n\t\t\t\t<div class=\"col-inner text-center\"  >\n\t\t\t\n\t\t\t\n<h6>la mia filosofia:<\/h6>\n\t<div id=\"text-3504725875\" class=\"text\">\n\t\t\n<h2>Conosci ed accetta il tuo cane per ci\u00f2 che \u00e8, non per ci\u00f2 che desideri che sia.<\/h2>\n\t\t\n<style>\n#text-3504725875 {\n  font-size: 1.3rem;\n}\n<\/style>\n\t<\/div>\n\t\n\t\t<\/div>\n\t\t\t\t\t<\/div>\n\n\t\n<\/div>\n<div class=\"row row-small\"  id=\"row-711431332\">\n\n\t<div id=\"col-2020084489\" class=\"col medium-4 small-12 large-4\"  >\n\t\t\t\t<div class=\"col-inner text-center\"  >\n\t\t\t\n\t\t\t\n\t<div class=\"box has-hover   has-hover box-text-bottom\" >\n\n\t\t<div class=\"box-image\" >\n\t\t\t<a href=\"https:\/\/simplydog.it\/index.php\/addestramento\/\"  >\t\t\t<div class=\"image-zoom\" >\n\t\t\t\t<img loading=\"lazy\" decoding=\"async\" width=\"1230\" height=\"1280\" src=\"https:\/\/simplydog.it\/wp-content\/uploads\/2023\/07\/1.png\" class=\"attachment- size-\" alt=\"\" srcset=\"https:\/\/simplydog.it\/wp-content\/uploads\/2023\/07\/1.png 1230w, https:\/\/simplydog.it\/wp-content\/uploads\/2023\/07\/1-288x300.png 288w, https:\/\/simplydog.it\/wp-content\/uploads\/2023\/07\/1-984x1024.png 984w, https:\/\/simplydog.it\/wp-content\/uploads\/2023\/07\/1-768x799.png 768w, https:\/\/simplydog.it\/wp-content\/uploads\/2023\/07\/1-600x624.png 600w\" sizes=\"auto, (max-width: 1230px) 100vw, 1230px\" \/>\t\t\t\t\t\t\t\t\t\t\t<\/div>\n\t\t\t<\/a>\t\t<\/div>\n\n\t\t<div class=\"box-text text-center\" >\n\t\t\t<div class=\"box-text-inner\">\n\t\t\t\t\n\t<div id=\"gap-2077265857\" class=\"gap-element clearfix\" style=\"display:block; height:auto;\">\n\t\t\n<style>\n#gap-2077265857 {\n  padding-top: 10px;\n}\n<\/style>\n\t<\/div>\n\t\n\t<div id=\"text-871860000\" class=\"text\">\n\t\t\n<h3 class=\"uppercase\"><a href=\"https:\/\/simplydog.it\/index.php\/addestramento\/\">Addestramento<\/a><\/h3>\n\t\t\n<style>\n#text-871860000 {\n  font-size: 1.3rem;\n}\n@media (min-width:550px) {\n  #text-871860000 {\n    font-size: 1.3rem;\n  }\n}\n@media (min-width:850px) {\n  #text-871860000 {\n    font-size: 1.5rem;\n  }\n}\n<\/style>\n\t<\/div>\n\t\n<a href=\"https:\/\/simplydog.it\/index.php\/addestramento\/\" target=\"_self\" class=\"button white\"  style=\"border-radius:99px;\">\n    <span>Maggiori Info<\/span>\n  <\/a>\n\n\t\t\t<\/div>\n\t\t<\/div>\n\t<\/div>\n\t\n\t\t<\/div>\n\t\t\t\t\t<\/div>\n\n\t\n\n\t<div id=\"col-837544580\" class=\"col medium-4 small-12 large-4\"  >\n\t\t\t\t<div class=\"col-inner text-center\"  >\n\t\t\t\n\t\t\t\n\t<div class=\"box has-hover   has-hover box-text-bottom\" >\n\n\t\t<div class=\"box-image\" >\n\t\t\t<a href=\"https:\/\/simplydog.it\/index.php\/dog-activity\/\"  >\t\t\t<div class=\"image-zoom\" >\n\t\t\t\t<img loading=\"lazy\" decoding=\"async\" width=\"1230\" height=\"1280\" src=\"https:\/\/simplydog.it\/wp-content\/uploads\/2023\/07\/2.png\" class=\"attachment- size-\" alt=\"\" srcset=\"https:\/\/simplydog.it\/wp-content\/uploads\/2023\/07\/2.png 1230w, https:\/\/simplydog.it\/wp-content\/uploads\/2023\/07\/2-288x300.png 288w, https:\/\/simplydog.it\/wp-content\/uploads\/2023\/07\/2-984x1024.png 984w, https:\/\/simplydog.it\/wp-content\/uploads\/2023\/07\/2-768x799.png 768w, https:\/\/simplydog.it\/wp-content\/uploads\/2023\/07\/2-600x624.png 600w\" sizes=\"auto, (max-width: 1230px) 100vw, 1230px\" \/>\t\t\t\t\t\t\t\t\t\t\t<\/div>\n\t\t\t<\/a>\t\t<\/div>\n\n\t\t<div class=\"box-text text-center\" >\n\t\t\t<div class=\"box-text-inner\">\n\t\t\t\t\n\t<div id=\"gap-1525769598\" class=\"gap-element clearfix\" style=\"display:block; height:auto;\">\n\t\t\n<style>\n#gap-1525769598 {\n  padding-top: 10px;\n}\n<\/style>\n\t<\/div>\n\t\n\t<div id=\"text-1450897278\" class=\"text\">\n\t\t\n<h3 class=\"uppercase\"><a href=\"https:\/\/simplydog.it\/index.php\/dog-activity\/\">Dog Activity<\/a><\/h3>\n\t\t\n<style>\n#text-1450897278 {\n  font-size: 1.3rem;\n}\n@media (min-width:550px) {\n  #text-1450897278 {\n    font-size: 1.3rem;\n  }\n}\n@media (min-width:850px) {\n  #text-1450897278 {\n    font-size: 1.5rem;\n  }\n}\n<\/style>\n\t<\/div>\n\t\n<a href=\"https:\/\/simplydog.it\/index.php\/dog-activity\/\" target=\"_self\" class=\"button white\"  style=\"border-radius:99px;\">\n    <span>Maggiori Info<\/span>\n  <\/a>\n\n\t\t\t<\/div>\n\t\t<\/div>\n\t<\/div>\n\t\n\t\t<\/div>\n\t\t\t\t\t<\/div>\n\n\t\n\n\t<div id=\"col-987543314\" class=\"col medium-4 small-12 large-4\"  >\n\t\t\t\t<div class=\"col-inner text-center\"  >\n\t\t\t\n\t\t\t\n\t<div class=\"box has-hover   has-hover box-text-bottom\" >\n\n\t\t<div class=\"box-image\" >\n\t\t\t<a href=\"https:\/\/simplydog.it\/index.php\/servizi\/\"  >\t\t\t<div class=\"image-zoom\" >\n\t\t\t\t<img loading=\"lazy\" decoding=\"async\" width=\"1230\" height=\"1280\" src=\"https:\/\/simplydog.it\/wp-content\/uploads\/2023\/07\/base-banner-2.png\" class=\"attachment- size-\" alt=\"\" srcset=\"https:\/\/simplydog.it\/wp-content\/uploads\/2023\/07\/base-banner-2.png 1230w, https:\/\/simplydog.it\/wp-content\/uploads\/2023\/07\/base-banner-2-288x300.png 288w, https:\/\/simplydog.it\/wp-content\/uploads\/2023\/07\/base-banner-2-984x1024.png 984w, https:\/\/simplydog.it\/wp-content\/uploads\/2023\/07\/base-banner-2-768x799.png 768w, https:\/\/simplydog.it\/wp-content\/uploads\/2023\/07\/base-banner-2-600x624.png 600w\" sizes=\"auto, (max-width: 1230px) 100vw, 1230px\" \/>\t\t\t\t\t\t\t\t\t\t\t<\/div>\n\t\t\t<\/a>\t\t<\/div>\n\n\t\t<div class=\"box-text text-center\" >\n\t\t\t<div class=\"box-text-inner\">\n\t\t\t\t\n\t<div id=\"gap-1660868963\" class=\"gap-element clearfix\" style=\"display:block; height:auto;\">\n\t\t\n<style>\n#gap-1660868963 {\n  padding-top: 10px;\n}\n<\/style>\n\t<\/div>\n\t\n\t<div id=\"text-2908394937\" class=\"text\">\n\t\t\n<h3 class=\"uppercase\"><a href=\"https:\/\/simplydog.it\/index.php\/asilo-diurno\/\">Servizi<\/a><\/h3>\n\t\t\n<style>\n#text-2908394937 {\n  font-size: 1.3rem;\n}\n@media (min-width:550px) {\n  #text-2908394937 {\n    font-size: 1.3rem;\n  }\n}\n@media (min-width:850px) {\n  #text-2908394937 {\n    font-size: 1.5rem;\n  }\n}\n<\/style>\n\t<\/div>\n\t\n<a href=\"https:\/\/simplydog.it\/index.php\/servizi\/\" target=\"_self\" class=\"button white\"  style=\"border-radius:99px;\">\n    <span>Maggiori Info<\/span>\n  <\/a>\n\n\t\t\t<\/div>\n\t\t<\/div>\n\t<\/div>\n\t\n\t\t<\/div>\n\t\t\t\t\t<\/div>\n\n\t\n<\/div>\n\t\t<\/div>\n\n\t\t\n<style>\n#section_366330128 {\n  padding-top: 0px;\n  padding-bottom: 0px;\n  background-color: rgb(57, 46, 41);\n}\n#section_366330128 .ux-shape-divider--top svg {\n  height: 150px;\n  --divider-top-width: 100%;\n}\n#section_366330128 .ux-shape-divider--bottom svg {\n  height: 150px;\n  --divider-width: 100%;\n}\n@media (min-width:550px) {\n  #section_366330128 {\n    padding-top: 50px;\n    padding-bottom: 50px;\n  }\n}\n@media (min-width:850px) {\n  #section_366330128 {\n    padding-top: 90px;\n    padding-bottom: 90px;\n  }\n}\n<\/style>\n\t<\/section>\n\t\n\n","protected":false},"excerpt":{"rendered":"","protected":false},"author":1,"featured_media":0,"parent":0,"menu_order":0,"comment_status":"closed","ping_status":"closed","template":"page-blank.php","meta":{"_joinchat":[],"footnotes":""},"class_list":["post-109","page","type-page","status-publish","hentry"],"_links":{"self":[{"href":"https:\/\/simplydog.it\/index.php\/wp-json\/wp\/v2\/pages\/109","targetHints":{"allow":["GET"]}}],"collection":[{"href":"https:\/\/simplydog.it\/index.php\/wp-json\/wp\/v2\/pages"}],"about":[{"href":"https:\/\/simplydog.it\/index.php\/wp-json\/wp\/v2\/types\/page"}],"author":[{"embeddable":true,"href":"https:\/\/simplydog.it\/index.php\/wp-json\/wp\/v2\/users\/1"}],"replies":[{"embeddable":true,"href":"https:\/\/simplydog.it\/index.php\/wp-json\/wp\/v2\/comments?post=109"}],"version-history":[{"count":35,"href":"https:\/\/simplydog.it\/index.php\/wp-json\/wp\/v2\/pages\/109\/revisions"}],"predecessor-version":[{"id":377,"href":"https:\/\/simplydog.it\/index.php\/wp-json\/wp\/v2\/pages\/109\/revisions\/377"}],"wp:attachment":[{"href":"https:\/\/simplydog.it\/index.php\/wp-json\/wp\/v2\/media?parent=109"}],"curies":[{"name":"wp","href":"https:\/\/api.w.org\/{rel}","templated":true}]}}