{"id":145,"date":"2023-07-19T08:31:16","date_gmt":"2023-07-19T08:31:16","guid":{"rendered":"https:\/\/simplydog.it\/?page_id=145"},"modified":"2023-07-22T18:38:52","modified_gmt":"2023-07-22T18:38:52","slug":"addestramento","status":"publish","type":"page","link":"https:\/\/simplydog.it\/index.php\/addestramento\/","title":{"rendered":"Addestramento"},"content":{"rendered":"\n  <div class=\"banner has-hover\" id=\"banner-794349112\">\n          <div class=\"banner-inner fill\">\n        <div class=\"banner-bg fill\" >\n            <div class=\"bg fill bg-fill \"><\/div>\n                        <div class=\"overlay\"><\/div>            \n                    <\/div>\n\t\t\n        <div class=\"banner-layers container\">\n            <div class=\"fill banner-link\"><\/div>            \n   <div id=\"text-box-1730115003\" class=\"text-box banner-layer x50 md-x50 lg-x50 y75 md-y75 lg-y75 res-text\">\n                                <div class=\"text-box-content text dark\">\n              \n              <div class=\"text-inner text-center\">\n                  \n<h1>Addestramento<\/h1>\n              <\/div>\n           <\/div>\n                            \n<style>\n#text-box-1730115003 {\n  width: 60%;\n}\n#text-box-1730115003 .text-box-content {\n  font-size: 100%;\n}\n<\/style>\n    <\/div>\n \n        <\/div>\n      <\/div>\n\n            \n<style>\n#banner-794349112 {\n  padding-top: 300px;\n  background-color: rgb(180, 158, 143);\n}\n#banner-794349112 .overlay {\n  background-color: rgba(0,0,0,.5);\n}\n#banner-794349112 .ux-shape-divider--top svg {\n  height: 150px;\n  --divider-top-width: 100%;\n}\n#banner-794349112 .ux-shape-divider--bottom svg {\n  height: 150px;\n  --divider-width: 100%;\n}\n<\/style>\n  <\/div>\n\n\n\t<section class=\"section\" id=\"section_666623067\">\n\t\t<div class=\"bg section-bg fill bg-fill  bg-loaded\" >\n\n\t\t\t\n\t\t\t\n\t\t\t\n\n\t\t<\/div>\n\n\t\t\n\n\t\t<div class=\"section-content relative\">\n\t\t\t\n<h2 style=\"text-align: center;\"><em>&lt;&lt;I cani sono maestri nell\u2019arte di adattarsi a noi e alla nostra incompetenza&gt;&gt;<\/em><\/h2>\n<h2 style=\"text-align: center;\"><em>M.M. Nowak<\/em><\/h2>\n\t\t<\/div>\n\n\t\t\n<style>\n#section_666623067 {\n  padding-top: 30px;\n  padding-bottom: 30px;\n}\n#section_666623067 .ux-shape-divider--top svg {\n  height: 150px;\n  --divider-top-width: 100%;\n}\n#section_666623067 .ux-shape-divider--bottom svg {\n  height: 150px;\n  --divider-width: 100%;\n}\n<\/style>\n\t<\/section>\n\t\n<div class=\"row\"  id=\"row-1362782906\">\n\n\t<div id=\"col-177833465\" class=\"col small-12 large-12\"  >\n\t\t\t\t<div class=\"col-inner text-center\"  >\n\t\t\t\n\t\t\t\n<div class=\"video video-fit mb\" style=\"padding-top:50%;\"><div style=\"width: 640px;\" class=\"wp-video\"><video class=\"wp-video-shortcode\" id=\"video-145-1\" width=\"640\" height=\"360\" preload=\"metadata\" controls=\"controls\"><source type=\"video\/mp4\" src=\"https:\/\/simplydog.it\/wp-content\/uploads\/2023\/07\/simply-dog-dog-activity-video.mp4?_=1\" \/><a href=\"https:\/\/simplydog.it\/wp-content\/uploads\/2023\/07\/simply-dog-dog-activity-video.mp4\">https:\/\/simplydog.it\/wp-content\/uploads\/2023\/07\/simply-dog-dog-activity-video.mp4<\/a><\/video><\/div>\n<\/div>\n\t\t<\/div>\n\t\t\t\t\t<\/div>\n\n\t\n\n\t<div id=\"col-369552145\" class=\"col small-12 large-12\"  >\n\t\t\t\t<div class=\"col-inner\"  >\n\t\t\t\n\t\t\t\n<div>La mia visione di educazione cinofila non \u00e8 rivolta al cane, ma al proprietario. E\u2019 fondamentale fare capire al proprietario che conoscere il proprio cane \u00e8 la chiave di lavoro su cui costruire un rapporto collaborativo di fiducia e rispetto, che porti poi a vivere serenamente la loro relazione. Ogni cane ha le sue doti, la propria indole e il proprio carattere, scegliere un cane vuol dire essere consapevoli di quella che \u00e8 la sua memoria di razza, di quelle che saranno le proprie caratteristiche e necessit\u00e0: il mio obiettivo \u00e8 percorrere quella strada di conoscenza, che porter\u00e0 a vedere il cane non per quello che vogliamo che sia , ma per quello che lui \u00e8.<\/div>\n\t<div id=\"gap-355487094\" class=\"gap-element clearfix\" style=\"display:block; height:auto;\">\n\t\t\n<style>\n#gap-355487094 {\n  padding-top: 50px;\n}\n<\/style>\n\t<\/div>\n\t\n\t\t<\/div>\n\t\t\t\t\t<\/div>\n\n\t\n<\/div>\n<div class=\"row\"  id=\"row-2032860982\">\n\n\t<div id=\"col-1753271419\" class=\"col medium-6 small-12 large-6\"  >\n\t\t\t\t<div class=\"col-inner\"  >\n\t\t\t\n\t\t\t\n<div>ADDESTRAMENTO BASE<\/div>\n<div>\u00a0<\/div>\n<div>Insieme lavoreremo fin da subito sui concetti base di conoscenza, conduzione e gestione in sicurezza del nostro amico a quattro zampe. Impariamo quali sono i comandi fondamentali e la loro importanza nella vita di ogni giorno. Altri focus saranno la gestione del cibo, delle risorse e degli impulsi per ampliare quelle che sono le conoscenze nel mondo cinofilo.<\/div>\n\t\t<\/div>\n\t\t\t\t\t<\/div>\n\n\t\n\n\t<div id=\"col-734219861\" class=\"col medium-6 small-12 large-6\"  >\n\t\t\t\t<div class=\"col-inner\"  >\n\t\t\t\n\t\t\t\n\t<div class=\"img has-hover x md-x lg-x y md-y lg-y\" id=\"image_1066408635\">\n\t\t\t\t\t\t\t\t<div class=\"img-inner image-cover dark\" style=\"padding-top:75%;\">\n\t\t\t<img loading=\"lazy\" decoding=\"async\" width=\"1020\" height=\"555\" src=\"https:\/\/simplydog.it\/wp-content\/uploads\/2023\/07\/simply-dog-addestramento-base-1024x557.jpg\" class=\"attachment-large size-large\" alt=\"\" srcset=\"https:\/\/simplydog.it\/wp-content\/uploads\/2023\/07\/simply-dog-addestramento-base-1024x557.jpg 1024w, https:\/\/simplydog.it\/wp-content\/uploads\/2023\/07\/simply-dog-addestramento-base-300x163.jpg 300w, https:\/\/simplydog.it\/wp-content\/uploads\/2023\/07\/simply-dog-addestramento-base-768x417.jpg 768w, https:\/\/simplydog.it\/wp-content\/uploads\/2023\/07\/simply-dog-addestramento-base-1536x835.jpg 1536w, https:\/\/simplydog.it\/wp-content\/uploads\/2023\/07\/simply-dog-addestramento-base-2048x1113.jpg 2048w, https:\/\/simplydog.it\/wp-content\/uploads\/2023\/07\/simply-dog-addestramento-base-600x326.jpg 600w\" sizes=\"auto, (max-width: 1020px) 100vw, 1020px\" \/>\t\t\t\t\t\t\n\t\t\t\t\t<\/div>\n\t\t\t\t\t\t\t\t\n<style>\n#image_1066408635 {\n  width: 100%;\n}\n<\/style>\n\t<\/div>\n\t\n\t\t<\/div>\n\t\t\t\t\t<\/div>\n\n\t\n<\/div>\n<div class=\"row\"  id=\"row-1661380715\">\n\n\t<div id=\"col-1242320317\" class=\"col medium-6 small-12 large-6\"  >\n\t\t\t\t<div class=\"col-inner\"  >\n\t\t\t\n\t\t\t\n\t<div class=\"img has-hover x md-x lg-x y md-y lg-y\" id=\"image_81882459\">\n\t\t\t\t\t\t\t\t<div class=\"img-inner image-cover dark\" style=\"padding-top:75%;\">\n\t\t\t<img loading=\"lazy\" decoding=\"async\" width=\"1020\" height=\"678\" src=\"https:\/\/simplydog.it\/wp-content\/uploads\/2023\/07\/simply-dog-lavoro-e-gestione-cani-problematici-1024x681.jpg\" class=\"attachment-large size-large\" alt=\"\" srcset=\"https:\/\/simplydog.it\/wp-content\/uploads\/2023\/07\/simply-dog-lavoro-e-gestione-cani-problematici-1024x681.jpg 1024w, https:\/\/simplydog.it\/wp-content\/uploads\/2023\/07\/simply-dog-lavoro-e-gestione-cani-problematici-300x200.jpg 300w, https:\/\/simplydog.it\/wp-content\/uploads\/2023\/07\/simply-dog-lavoro-e-gestione-cani-problematici-768x511.jpg 768w, https:\/\/simplydog.it\/wp-content\/uploads\/2023\/07\/simply-dog-lavoro-e-gestione-cani-problematici-1536x1022.jpg 1536w, https:\/\/simplydog.it\/wp-content\/uploads\/2023\/07\/simply-dog-lavoro-e-gestione-cani-problematici-2048x1363.jpg 2048w, https:\/\/simplydog.it\/wp-content\/uploads\/2023\/07\/simply-dog-lavoro-e-gestione-cani-problematici-600x399.jpg 600w\" sizes=\"auto, (max-width: 1020px) 100vw, 1020px\" \/>\t\t\t\t\t\t\n\t\t\t\t\t<\/div>\n\t\t\t\t\t\t\t\t\n<style>\n#image_81882459 {\n  width: 100%;\n}\n<\/style>\n\t<\/div>\n\t\n\t\t<\/div>\n\t\t\t\t\t<\/div>\n\n\t\n\n\t<div id=\"col-1209359603\" class=\"col medium-6 small-12 large-6\"  >\n\t\t\t\t<div class=\"col-inner\"  >\n\t\t\t\n\t\t\t\n\t<div id=\"text-1609107909\" class=\"text\">\n\t\t\n<div>LAVORO E GESTIONE CANI PROBLEMATICI<\/div>\n<div>\u00a0<\/div>\n<p>A volte si giunge alla consapevolezza che abbiamo bisogno di un aiuto con il nostro cane, solo quando accade qualcosa di grave.<br \/>Fortunatamente, nella maggior parte delle volte,<br \/>il problema \u00e8 risolvibile, ma bisogna intervenire tempestivamente. <br \/>ad un occhio esperto i cani mandano molti segnali che spesso per i proprietari sono difficili da cogliere. Proprio per questo \u00e8 importante affidarsi ad un professionista che ci aiuti a tradurre tali atteggiamenti e ad insegnare al cane ad incanalare e utilizzare consapevolmente le proprie doti.<\/p>\n<p>Il percorso di addestramento vi fornir\u00e0 gli strumenti per conoscere e capire cosa il cane sta comunicando ed impostare una corretta gestione specifica per quella determinata esigenza.<\/p>\n\t\t\n<style>\n#text-1609107909 {\n  color: rgb(255,255,255);\n}\n#text-1609107909 > * {\n  color: rgb(255,255,255);\n}\n<\/style>\n\t<\/div>\n\t\n\t\t<\/div>\n\t\t\t\t\t<\/div>\n\n\t\n<\/div>\n<div class=\"row\"  id=\"row-1449300747\">\n\n\t<div id=\"col-1805005272\" class=\"col medium-6 small-12 large-6\"  >\n\t\t\t\t<div class=\"col-inner\"  >\n\t\t\t\n\t\t\t\n<div>PUPPY SCHOOL<\/div>\n<div>\u00a0<\/div>\n<div>Iniziare con il piede giusto \u00e8 importante e rende la nuova vita insieme pi\u00f9 serena. Impariamo insieme come aiutare il nostro cucciolo a crescere in sintonia e in equilibrio con noi e la nostra famiglia.<\/div>\n\t\t<\/div>\n\t\t\t\t\t<\/div>\n\n\t\n\n\t<div id=\"col-147035379\" class=\"col medium-6 small-12 large-6\"  >\n\t\t\t\t<div class=\"col-inner\"  >\n\t\t\t\n\t\t\t\n\t<div class=\"img has-hover x md-x lg-x y md-y lg-y\" id=\"image_1484397004\">\n\t\t\t\t\t\t\t\t<div class=\"img-inner image-cover dark\" style=\"padding-top:75%;\">\n\t\t\t<img loading=\"lazy\" decoding=\"async\" width=\"576\" height=\"1024\" src=\"https:\/\/simplydog.it\/wp-content\/uploads\/2023\/07\/WhatsApp-Image-2023-03-15-at-12.01.44-576x1024.jpeg\" class=\"attachment-large size-large\" alt=\"\" srcset=\"https:\/\/simplydog.it\/wp-content\/uploads\/2023\/07\/WhatsApp-Image-2023-03-15-at-12.01.44-576x1024.jpeg 576w, https:\/\/simplydog.it\/wp-content\/uploads\/2023\/07\/WhatsApp-Image-2023-03-15-at-12.01.44-169x300.jpeg 169w, https:\/\/simplydog.it\/wp-content\/uploads\/2023\/07\/WhatsApp-Image-2023-03-15-at-12.01.44-768x1366.jpeg 768w, https:\/\/simplydog.it\/wp-content\/uploads\/2023\/07\/WhatsApp-Image-2023-03-15-at-12.01.44-864x1536.jpeg 864w, https:\/\/simplydog.it\/wp-content\/uploads\/2023\/07\/WhatsApp-Image-2023-03-15-at-12.01.44-600x1067.jpeg 600w, https:\/\/simplydog.it\/wp-content\/uploads\/2023\/07\/WhatsApp-Image-2023-03-15-at-12.01.44.jpeg 899w\" sizes=\"auto, (max-width: 576px) 100vw, 576px\" \/>\t\t\t\t\t\t\n\t\t\t\t\t<\/div>\n\t\t\t\t\t\t\t\t\n<style>\n#image_1484397004 {\n  width: 100%;\n}\n<\/style>\n\t<\/div>\n\t\n\t\t<\/div>\n\t\t\t\t\t<\/div>\n\n\t\n<\/div>\n<div class=\"row\"  id=\"row-1561237044\">\n\n\t<div id=\"col-2065849463\" class=\"col medium-6 small-12 large-6\"  >\n\t\t\t\t<div class=\"col-inner\"  >\n\t\t\t\n\t\t\t\n\t<div class=\"img has-hover x md-x lg-x y md-y lg-y\" id=\"image_1280901531\">\n\t\t\t\t\t\t\t\t<div class=\"img-inner image-cover dark\" style=\"padding-top:75%;\">\n\t\t\t<img loading=\"lazy\" decoding=\"async\" width=\"910\" height=\"1024\" src=\"https:\/\/simplydog.it\/wp-content\/uploads\/2023\/07\/simply-dog-pagina-addestramento-910x1024.jpg\" class=\"attachment-large size-large\" alt=\"\" srcset=\"https:\/\/simplydog.it\/wp-content\/uploads\/2023\/07\/simply-dog-pagina-addestramento-910x1024.jpg 910w, https:\/\/simplydog.it\/wp-content\/uploads\/2023\/07\/simply-dog-pagina-addestramento-267x300.jpg 267w, https:\/\/simplydog.it\/wp-content\/uploads\/2023\/07\/simply-dog-pagina-addestramento-768x864.jpg 768w, https:\/\/simplydog.it\/wp-content\/uploads\/2023\/07\/simply-dog-pagina-addestramento-1365x1536.jpg 1365w, https:\/\/simplydog.it\/wp-content\/uploads\/2023\/07\/simply-dog-pagina-addestramento-600x675.jpg 600w, https:\/\/simplydog.it\/wp-content\/uploads\/2023\/07\/simply-dog-pagina-addestramento.jpg 1800w\" sizes=\"auto, (max-width: 910px) 100vw, 910px\" \/>\t\t\t\t\t\t\n\t\t\t\t\t<\/div>\n\t\t\t\t\t\t\t\t\n<style>\n#image_1280901531 {\n  width: 100%;\n}\n<\/style>\n\t<\/div>\n\t\n\t\t<\/div>\n\t\t\t\t\t<\/div>\n\n\t\n\n\t<div id=\"col-2061081680\" class=\"col medium-6 small-12 large-6\"  >\n\t\t\t\t<div class=\"col-inner\"  >\n\t\t\t\n\t\t\t\n<div>PERCORSO PRE-ADOZIONE<\/div>\n<div>\u00a0<\/div>\n<div>\n<p>Far entrare un cane nella nostra vita \u00e8 una scelta che richiede consapevolezza, sia che si adotti dal canile o sia che si decida di acquistare una particolare razza dall&#8217;allevamento.<\/p>\n<p>\u00c8 fondamentale avere coscienza che non tutti i cani si adattano con facilit\u00e0 alle nostre esigenze e a quelle che sono le nostre caratteristiche.<\/p>\n<\/div>\n\t\t<\/div>\n\t\t\t\t\t<\/div>\n\n\t\n<\/div>\n<div class=\"row\"  id=\"row-457285529\">\n\n\t<div id=\"col-48244179\" class=\"col medium-6 small-12 large-6\"  >\n\t\t\t\t<div class=\"col-inner\"  >\n\t\t\t\n\t\t\t\n<div>ADDESTRAMENTO DI GRUPPO<\/div>\n<div>\u00a0<\/div>\n<div>\n<p>Lavorare con altri binomi, imparare insieme e mettere i nostri cani in una condizione di apprendimento non isolata da stimoli e distrazioni importanti come la presenza di altri cani, ci permette di imparare pi\u00f9 velocemente a gestire comportamenti e situazioni di vita quotidiana.<\/p>\n<p>Lavorare in campo \u00e8 un momento di significativo miglioramento. <\/p>\n<\/div>\n\t\t<\/div>\n\t\t\t\t\t<\/div>\n\n\t\n\n\t<div id=\"col-1250306305\" class=\"col medium-6 small-12 large-6\"  >\n\t\t\t\t<div class=\"col-inner\"  >\n\t\t\t\n\t\t\t\n\n  \n    <div class=\"row large-columns-1 medium-columns- small-columns- slider row-slider slider-nav-reveal\"  data-flickity-options='{\"imagesLoaded\": true, \"groupCells\": \"100%\", \"dragThreshold\" : 5, \"cellAlign\": \"left\",\"wrapAround\": true,\"prevNextButtons\": true,\"percentPosition\": true,\"pageDots\": false, \"rightToLeft\": false, \"autoPlay\" : 2000}'>\n\n  <div class=\"gallery-col col\" >\n          <div class=\"col-inner\">\n            <a class=\"image-lightbox lightbox-gallery\" href=\"https:\/\/simplydog.it\/wp-content\/uploads\/2023\/07\/addestramento-di-gruppo-gallery-simply-dog-1-1-983x1024.jpg\" title=\"\">            <div class=\"box has-hover gallery-box box-overlay dark\">\n              <div class=\"box-image image-cover\" style=\"padding-top:75%;\">\n                <img loading=\"lazy\" decoding=\"async\" width=\"288\" height=\"300\" src=\"https:\/\/simplydog.it\/wp-content\/uploads\/2023\/07\/addestramento-di-gruppo-gallery-simply-dog-1-1-288x300.jpg\" class=\"attachment-medium size-medium\" alt=\"\" ids=\"220,221,107\" type=\"slider\" columns=\"1\" auto_slide=\"2000\" image_height=\"75%\" srcset=\"https:\/\/simplydog.it\/wp-content\/uploads\/2023\/07\/addestramento-di-gruppo-gallery-simply-dog-1-1-288x300.jpg 288w, https:\/\/simplydog.it\/wp-content\/uploads\/2023\/07\/addestramento-di-gruppo-gallery-simply-dog-1-1-983x1024.jpg 983w, https:\/\/simplydog.it\/wp-content\/uploads\/2023\/07\/addestramento-di-gruppo-gallery-simply-dog-1-1-768x800.jpg 768w, https:\/\/simplydog.it\/wp-content\/uploads\/2023\/07\/addestramento-di-gruppo-gallery-simply-dog-1-1-600x625.jpg 600w, https:\/\/simplydog.it\/wp-content\/uploads\/2023\/07\/addestramento-di-gruppo-gallery-simply-dog-1-1.jpg 1200w\" sizes=\"auto, (max-width: 288px) 100vw, 288px\" \/>                                  <div class=\"overlay fill\"\n                      style=\"background-color: rgba(0,0,0,.15)\">\n                  <\/div>\n                                                              <\/div>\n              <div class=\"box-text text-left\" >\n                 <p><\/p>\n              <\/div>\n            <\/div>\n            <\/a>          <\/div>\n         <\/div><div class=\"gallery-col col\" >\n          <div class=\"col-inner\">\n            <a class=\"image-lightbox lightbox-gallery\" href=\"https:\/\/simplydog.it\/wp-content\/uploads\/2023\/07\/addestramento-di-gruppo-gallery-simply-dog-2-1-1024x952.jpg\" title=\"\">            <div class=\"box has-hover gallery-box box-overlay dark\">\n              <div class=\"box-image image-cover\" style=\"padding-top:75%;\">\n                <img loading=\"lazy\" decoding=\"async\" width=\"300\" height=\"279\" src=\"https:\/\/simplydog.it\/wp-content\/uploads\/2023\/07\/addestramento-di-gruppo-gallery-simply-dog-2-1-300x279.jpg\" class=\"attachment-medium size-medium\" alt=\"\" ids=\"220,221,107\" type=\"slider\" columns=\"1\" auto_slide=\"2000\" image_height=\"75%\" srcset=\"https:\/\/simplydog.it\/wp-content\/uploads\/2023\/07\/addestramento-di-gruppo-gallery-simply-dog-2-1-300x279.jpg 300w, https:\/\/simplydog.it\/wp-content\/uploads\/2023\/07\/addestramento-di-gruppo-gallery-simply-dog-2-1-1024x952.jpg 1024w, https:\/\/simplydog.it\/wp-content\/uploads\/2023\/07\/addestramento-di-gruppo-gallery-simply-dog-2-1-768x714.jpg 768w, https:\/\/simplydog.it\/wp-content\/uploads\/2023\/07\/addestramento-di-gruppo-gallery-simply-dog-2-1-600x558.jpg 600w, https:\/\/simplydog.it\/wp-content\/uploads\/2023\/07\/addestramento-di-gruppo-gallery-simply-dog-2-1.jpg 1119w\" sizes=\"auto, (max-width: 300px) 100vw, 300px\" \/>                                  <div class=\"overlay fill\"\n                      style=\"background-color: rgba(0,0,0,.15)\">\n                  <\/div>\n                                                              <\/div>\n              <div class=\"box-text text-left\" >\n                 <p><\/p>\n              <\/div>\n            <\/div>\n            <\/a>          <\/div>\n         <\/div><div class=\"gallery-col col\" >\n          <div class=\"col-inner\">\n            <a class=\"image-lightbox lightbox-gallery\" href=\"https:\/\/simplydog.it\/wp-content\/uploads\/2023\/07\/WhatsApp-Image-2023-07-08-at-12.23.46-1024x648.jpeg\" title=\"\">            <div class=\"box has-hover gallery-box box-overlay dark\">\n              <div class=\"box-image image-cover\" style=\"padding-top:75%;\">\n                <img loading=\"lazy\" decoding=\"async\" width=\"300\" height=\"190\" src=\"https:\/\/simplydog.it\/wp-content\/uploads\/2023\/07\/WhatsApp-Image-2023-07-08-at-12.23.46-300x190.jpeg\" class=\"attachment-medium size-medium\" alt=\"\" ids=\"220,221,107\" type=\"slider\" columns=\"1\" auto_slide=\"2000\" image_height=\"75%\" srcset=\"https:\/\/simplydog.it\/wp-content\/uploads\/2023\/07\/WhatsApp-Image-2023-07-08-at-12.23.46-300x190.jpeg 300w, https:\/\/simplydog.it\/wp-content\/uploads\/2023\/07\/WhatsApp-Image-2023-07-08-at-12.23.46-1024x648.jpeg 1024w, https:\/\/simplydog.it\/wp-content\/uploads\/2023\/07\/WhatsApp-Image-2023-07-08-at-12.23.46-768x486.jpeg 768w, https:\/\/simplydog.it\/wp-content\/uploads\/2023\/07\/WhatsApp-Image-2023-07-08-at-12.23.46-600x380.jpeg 600w, https:\/\/simplydog.it\/wp-content\/uploads\/2023\/07\/WhatsApp-Image-2023-07-08-at-12.23.46.jpeg 1041w\" sizes=\"auto, (max-width: 300px) 100vw, 300px\" \/>                                  <div class=\"overlay fill\"\n                      style=\"background-color: rgba(0,0,0,.15)\">\n                  <\/div>\n                                                              <\/div>\n              <div class=\"box-text text-left\" >\n                 <p><\/p>\n              <\/div>\n            <\/div>\n            <\/a>          <\/div>\n         <\/div><\/div>\n\t\t<\/div>\n\t\t\t\t\t<\/div>\n\n\t\n<\/div>\n<div class=\"row\"  id=\"row-1891214363\">\n\n\t<div id=\"col-648325724\" class=\"col medium-6 small-12 large-6\"  >\n\t\t\t\t<div class=\"col-inner\"  >\n\t\t\t\n\t\t\t\n\t<div class=\"img has-hover x md-x lg-x y md-y lg-y\" id=\"image_403669268\">\n\t\t\t\t\t\t\t\t<div class=\"img-inner image-cover dark\" style=\"padding-top:75%;\">\n\t\t\t<img loading=\"lazy\" decoding=\"async\" width=\"1020\" height=\"680\" src=\"https:\/\/simplydog.it\/wp-content\/uploads\/2023\/07\/dog-and-baby-simply-dog-1024x683.jpg\" class=\"attachment-large size-large\" alt=\"\" srcset=\"https:\/\/simplydog.it\/wp-content\/uploads\/2023\/07\/dog-and-baby-simply-dog-1024x683.jpg 1024w, https:\/\/simplydog.it\/wp-content\/uploads\/2023\/07\/dog-and-baby-simply-dog-300x200.jpg 300w, https:\/\/simplydog.it\/wp-content\/uploads\/2023\/07\/dog-and-baby-simply-dog-768x512.jpg 768w, https:\/\/simplydog.it\/wp-content\/uploads\/2023\/07\/dog-and-baby-simply-dog-1536x1024.jpg 1536w, https:\/\/simplydog.it\/wp-content\/uploads\/2023\/07\/dog-and-baby-simply-dog-2048x1365.jpg 2048w, https:\/\/simplydog.it\/wp-content\/uploads\/2023\/07\/dog-and-baby-simply-dog-600x400.jpg 600w\" sizes=\"auto, (max-width: 1020px) 100vw, 1020px\" \/>\t\t\t\t\t\t\n\t\t\t\t\t<\/div>\n\t\t\t\t\t\t\t\t\n<style>\n#image_403669268 {\n  width: 100%;\n}\n<\/style>\n\t<\/div>\n\t\n\t\t<\/div>\n\t\t\t\t\t<\/div>\n\n\t\n\n\t<div id=\"col-2136346737\" class=\"col medium-6 small-12 large-6\"  >\n\t\t\t\t<div class=\"col-inner\"  >\n\t\t\t\n\t\t\t\n<p><span style=\"font-weight: 400;\">CANI E BEBE\u2019<\/span><\/p>\n<p>Gli animali sono molto abitudinari, pertanto l\u2019arrivo di un bambino pu\u00f2 accentuare comportamenti errati o farli insorgere se non viene accettato o compreso da loro. Ti aiuteremo a preparare il tuo cane al lieto evento, per affrontare nel miglior modo possibile questo bellissimo step della vita!<\/p>\n\t\t<\/div>\n\t\t\t\t\t<\/div>\n\n\t\n<\/div>\n<div class=\"row\"  id=\"row-1558006578\">\n\n\t<div id=\"col-683725446\" class=\"col medium-6 small-12 large-6\"  >\n\t\t\t\t<div class=\"col-inner\"  >\n\t\t\t\n\t\t\t\n<p><span style=\"font-weight: 400;\">EDUCAZIONE AL CANE PER BAMBINI<\/span><\/p>\n<p>Classi di lavoro rivolte ai bambini, personalizzate o di gruppo, per insegnare ed educare anche i nostri bimbi a conoscere e rispettare i cani, conosciuti e non.<\/p>\n<p>Il tuo cane regala al bambino una vera e propria crescita psicologica e comportamentale, ma non dobbiamo dimenticare che \u00e8 importante insegnare al bambino come giocare con il cane e cosa invece \u00e8 meglio evitare per un rispetto reciproco e un rapporto sicuro.<\/p>\n\t\t<\/div>\n\t\t\t\t\t<\/div>\n\n\t\n\n\t<div id=\"col-644038773\" class=\"col medium-6 small-12 large-6\"  >\n\t\t\t\t<div class=\"col-inner\"  >\n\t\t\t\n\t\t\t\n\t<div class=\"img has-hover x md-x lg-x y md-y lg-y\" id=\"image_1731066574\">\n\t\t\t\t\t\t\t\t<div class=\"img-inner image-cover dark\" style=\"padding-top:75%;\">\n\t\t\t<img loading=\"lazy\" decoding=\"async\" width=\"1020\" height=\"678\" src=\"https:\/\/simplydog.it\/wp-content\/uploads\/2023\/07\/educazione-al-cane-per-bambini-simply-dog-1024x681.jpg\" class=\"attachment-large size-large\" alt=\"\" srcset=\"https:\/\/simplydog.it\/wp-content\/uploads\/2023\/07\/educazione-al-cane-per-bambini-simply-dog-1024x681.jpg 1024w, https:\/\/simplydog.it\/wp-content\/uploads\/2023\/07\/educazione-al-cane-per-bambini-simply-dog-300x200.jpg 300w, https:\/\/simplydog.it\/wp-content\/uploads\/2023\/07\/educazione-al-cane-per-bambini-simply-dog-768x511.jpg 768w, https:\/\/simplydog.it\/wp-content\/uploads\/2023\/07\/educazione-al-cane-per-bambini-simply-dog-1536x1022.jpg 1536w, https:\/\/simplydog.it\/wp-content\/uploads\/2023\/07\/educazione-al-cane-per-bambini-simply-dog-2048x1363.jpg 2048w, https:\/\/simplydog.it\/wp-content\/uploads\/2023\/07\/educazione-al-cane-per-bambini-simply-dog-600x399.jpg 600w\" sizes=\"auto, (max-width: 1020px) 100vw, 1020px\" \/>\t\t\t\t\t\t\n\t\t\t\t\t<\/div>\n\t\t\t\t\t\t\t\t\n<style>\n#image_1731066574 {\n  width: 100%;\n}\n<\/style>\n\t<\/div>\n\t\n\t\t<\/div>\n\t\t\t\t\t<\/div>\n\n\t\n<\/div>\n","protected":false},"excerpt":{"rendered":"","protected":false},"author":1,"featured_media":0,"parent":0,"menu_order":0,"comment_status":"closed","ping_status":"closed","template":"page-transparent-header-light.php","meta":{"_joinchat":[],"footnotes":""},"class_list":["post-145","page","type-page","status-publish","hentry"],"_links":{"self":[{"href":"https:\/\/simplydog.it\/index.php\/wp-json\/wp\/v2\/pages\/145","targetHints":{"allow":["GET"]}}],"collection":[{"href":"https:\/\/simplydog.it\/index.php\/wp-json\/wp\/v2\/pages"}],"about":[{"href":"https:\/\/simplydog.it\/index.php\/wp-json\/wp\/v2\/types\/page"}],"author":[{"embeddable":true,"href":"https:\/\/simplydog.it\/index.php\/wp-json\/wp\/v2\/users\/1"}],"replies":[{"embeddable":true,"href":"https:\/\/simplydog.it\/index.php\/wp-json\/wp\/v2\/comments?post=145"}],"version-history":[{"count":34,"href":"https:\/\/simplydog.it\/index.php\/wp-json\/wp\/v2\/pages\/145\/revisions"}],"predecessor-version":[{"id":365,"href":"https:\/\/simplydog.it\/index.php\/wp-json\/wp\/v2\/pages\/145\/revisions\/365"}],"wp:attachment":[{"href":"https:\/\/simplydog.it\/index.php\/wp-json\/wp\/v2\/media?parent=145"}],"curies":[{"name":"wp","href":"https:\/\/api.w.org\/{rel}","templated":true}]}}