{"id":328,"date":"2023-07-21T12:42:21","date_gmt":"2023-07-21T12:42:21","guid":{"rendered":"https:\/\/simplydog.it\/?page_id=328"},"modified":"2023-07-21T12:42:30","modified_gmt":"2023-07-21T12:42:30","slug":"cookies-policy","status":"publish","type":"page","link":"https:\/\/simplydog.it\/index.php\/cookies-policy\/","title":{"rendered":"Cookies Policy"},"content":{"rendered":"<p>Al fine di rendere i propri servizi il pi\u00f9 possibile efficienti e semplici da utilizzare questo Sito fa uso di cookies. Pertanto, quando si visita il Sito, viene inserita una quantit\u00e0 minima di informazioni nel dispositivo dell\u2019Utente, come piccoli file di testo chiamati \u201ccookie\u201d, che vengono salvati nella directory del browser Web dell\u2019Utente.<\/p>\n<p>Esistono diversi tipi di cookie, ma sostanzialmente lo scopo principale di un cookie \u00e8 quello di far funzionare pi\u00f9 efficacemente il Sito e di abilitarne determinate funzionalit\u00e0.<\/p>\n<p>I cookie sono utilizzati per migliorare la navigazione globale dell\u2019Utente.<\/p>\n<p><strong>Ecco i cookies che utilizziamo:<\/strong><\/p>\n<p class=\"p1\"><span class=\"s1\"><table class=\"cookielawinfo-row-cat-table cookielawinfo-classic\"><thead><tr><th class=\"cookielawinfo-column-1\">Cookie<\/th><th class=\"cookielawinfo-column-4\">Descrizione<\/th><\/tr><\/thead><tbody><tr class=\"cookielawinfo-row\"><td class=\"cookielawinfo-column-1\">cookielawinfo-checkbox-analytics<\/td><td class=\"cookielawinfo-column-4\">This cookie is set by GDPR Cookie Consent plugin. The cookie is used to store the user consent for the cookies in the category \"Analytics\".<\/td><\/tr><tr class=\"cookielawinfo-row\"><td class=\"cookielawinfo-column-1\">cookielawinfo-checkbox-functional<\/td><td class=\"cookielawinfo-column-4\">The cookie is set by GDPR cookie consent to record the user consent for the cookies in the category \"Functional\".<\/td><\/tr><tr class=\"cookielawinfo-row\"><td class=\"cookielawinfo-column-1\">cookielawinfo-checkbox-necessary<\/td><td class=\"cookielawinfo-column-4\">This cookie is set by GDPR Cookie Consent plugin. The cookies is used to store the user consent for the cookies in the category \"Necessary\".<\/td><\/tr><tr class=\"cookielawinfo-row\"><td class=\"cookielawinfo-column-1\">cookielawinfo-checkbox-others<\/td><td class=\"cookielawinfo-column-4\">This cookie is set by GDPR Cookie Consent plugin. The cookie is used to store the user consent for the cookies in the category \"Other.<\/td><\/tr><tr class=\"cookielawinfo-row\"><td class=\"cookielawinfo-column-1\">cookielawinfo-checkbox-performance<\/td><td class=\"cookielawinfo-column-4\">This cookie is set by GDPR Cookie Consent plugin. The cookie is used to store the user consent for the cookies in the category \"Performance\".<\/td><\/tr><tr class=\"cookielawinfo-row\"><td class=\"cookielawinfo-column-1\">viewed_cookie_policy<\/td><td class=\"cookielawinfo-column-4\">The cookie is set by the GDPR Cookie Consent plugin and is used to store whether or not user has consented to the use of cookies. It does not store any personal data.<\/td><\/tr><\/tbody><\/table><\/span><\/p>\n<p><strong>In particolare:<\/strong><br \/>\nConsentono di navigare in modo efficiente da una pagina all\u2019altra del sito Web.<br \/>\nMemorizzano il nome utente e le preferenze inserite.<br \/>\nConsentono di evitare di inserire le stesse informazioni (come nome utente e password) pi\u00f9 volte durante la visita.<br \/>\nMisurano l\u2019utilizzo dei servizi da parte degli Utenti, per ottimizzare l\u2019esperienza di navigazione e i servizi stessi.<br \/>\nPresentano informazioni pubblicitarie mirate in funzione degli interessi e del comportamento manifestato dall\u2019Utente durante la navigazione.<br \/>\nEsistono vari tipi di cookie.<\/p>\n<p>Qui di seguito sono riportati i tipi cookie che possono essere utilizzati nel Sito con una descrizione della finalit\u00e0 legata all\u2019uso.<\/p>\n<p><strong>Cookie tecnici<\/strong><\/p>\n<p>I cookie di questo tipo sono necessari per il corretto funzionamento di alcune aree del sito. I cookie di questa categoria comprendono sia cookie persistenti che cookie di sessione. In assenza di tali cookie, il sito o alcune porzioni di esso potrebbero non funzionare correttamente. Pertanto, vengono sempre utilizzati, indipendentemente dalle preferenze dall\u2019utente. I cookie di questa categoria vengono sempre inviati dal nostro dominio.<\/p>\n<p><strong>Cookie analitici<\/strong><\/p>\n<p>I cookie di questo tipo vengono utilizzati per raccogliere informazioni sull\u2019utilizzo del sito. Il Titolare usa tali informazioni per analisi statistiche, per migliorare il sito e semplificarne l\u2019utilizzo, oltre che per monitorarne il corretto funzionamento. Questo tipo di cookie raccoglie informazioni in forma anonima sull\u2019attivit\u00e0 degli utenti nel sito e sul modo in cui sono arrivati al Sito e alle pagine visitate. I cookie di questa categoria vengono inviati dal Sito stesso o da domini di terze parti.<br \/>\nCookie di rilevamento di terze parti<\/p>\n<p>I cookie di questo tipo vengono utilizzati per raccogliere informazioni sull\u2019utilizzo del sito Web da parte dei visitatori, le parole chiave usate per raggiungere il sito, i siti Web visitati e le origini del traffico da cui provengono i visitatori per le campagne di marketing. Il titolare pu\u00f2 utilizzare tali informazioni per compilare rapporti e migliorare il Sito. I cookie raccolgono informazioni in forma anonima. I cookie di questo tipo vengono inviati dal Sito stesso o da domini di terze parti.<\/p>\n<p><strong>Cookie per l\u2019integrazione di funzionalit\u00e0 di terze parti<\/strong><\/p>\n<p>I cookie di questo tipo vengono utilizzati per integrare funzionalit\u00e0 di terze parti nel Sito (ad esempio, moduli per i commenti o icone di social network che consentono ai visitatori di condividere il contenuto del sito). I cookie di questa categoria possono essere inviati dai domini dei siti partner o che comunque offrono le funzionalit\u00e0 presenti nel sito.<br \/>\nIl Titolare non \u00e8 tenuto a richiedere il consenso dell\u2019utente per i cookie tecnici, poich\u00e9 questi sono strettamente necessari per la fornitura del servizio.<\/p>\n<p>Per le altre tipologie di cookie il consenso pu\u00f2 essere espresso dall\u2019Utente, conformemente alla normativa vigente, mediante specifiche configurazioni del browser e di programmi informatici o di dispositivi che siano di facile e chiara utilizzabilit\u00e0 per l\u2019Utente. Il Titolare ricorda all\u2019Utente che \u00e8 possibile modificare le preferenze relative ai cookie in qualsiasi momento. \u00c8 anche possibile disabilitare in qualsiasi momento i cookie dal browser , ma questa operazione potrebbe impedire all\u2019Utente di utilizzare alcune parti del Sito.<br \/>\n<strong><br \/>\nSiti Web e Cookies di terze parti<\/strong><\/p>\n<p>Il sito contiene collegamenti ad altri siti Web che dispongono di una propria informativa sulla privacy. Queste informative sulla privacy possono essere diverse da quella adottata dal Titolare, che quindi non risponde per Siti di terze parti.<br \/>\nAi sensi dell\u2019art. 122 secondo comma del D.lgs. 196\/2003 il consenso all\u2019utilizzo di tali cookie \u00e8 espresso dall\u2019interessato mediante il settaggio individuale che ha scelto liberamente per il browser utilizzato per la navigazione nel sito, ferma restando la facolt\u00e0 dell\u2019utente di comunicare in ogni momento al Titolare del trattamento la propria volont\u00e0 in merito ad dati gestiti per il tramite dei cookie che il browser stesso abbia accettato.<\/p>\n<p>Visitando un sito web si possono ricevere cookie sia dal sito visitato (\u201cproprietari\u201d), sia da siti gestiti da altre organizzazioni (\u201cterze parti\u201d). Un esempio notevole \u00e8 rappresentato dalla presenza dei \u201csocial plugin\u201d per Facebook, Twitter, Google+ e LinkedIn. Si tratta di parti della pagina visitata generate direttamente dai suddetti siti ed integrati nella pagina del sito ospitante. L\u2019utilizzo pi\u00f9 comune dei social plugin \u00e8 finalizzato alla condivisione dei contenuti sui social network.<\/p>\n<p>La presenza di questi plugin comporta la trasmissione di cookie da e verso tutti i siti gestiti da terze parti. La gestione delle informazioni raccolte da \u201cterze parti\u201d \u00e8 disciplinata dalle relative informative cui si prega di fare riferimento. Per garantire una maggiore trasparenza e comodit\u00e0, si riportano qui di seguito gli indirizzi web delle diverse informative e delle modalit\u00e0 per la gestione dei cookie.<\/p>\n<ul>\n<li><strong>Facebook informativa:<\/strong>\u00a0<a href=\"https:\/\/www.facebook.com\/help\/cookies\/\" target=\"_blank\" rel=\"noreferrer noopener\">https:\/\/www.facebook.com\/help\/cookies\/<\/a><\/li>\n<li><strong>Facebook (configurazione):<\/strong>\u00a0accedere al proprio account. Sezione privacy.<\/li>\n<li><strong>Twitter informativa:<\/strong>\u00a0<a href=\"https:\/\/support.twitter.com\/articles\/20170514\" target=\"_blank\" rel=\"noreferrer noopener\">https:\/\/support.twitter.com\/articles\/20170514<\/a><\/li>\n<li><strong>Twitter (configurazione):<\/strong>\u00a0<a href=\"https:\/\/twitter.com\/settings\/security\" target=\"_blank\" rel=\"noreferrer noopener\">https:\/\/twitter.com\/settings\/security<\/a><\/li>\n<li><strong>Linkedin informativa:<\/strong>\u00a0<a href=\"https:\/\/www.linkedin.com\/legal\/cookie-policy\" target=\"_blank\" rel=\"noreferrer noopener\">https:\/\/www.linkedin.com\/legal\/cookie-policy<\/a><\/li>\n<li><strong>Linkedin (configurazione):<\/strong>\u00a0<a href=\"https:\/\/www.linkedin.com\/settings\/\" target=\"_blank\" rel=\"noreferrer noopener\">https:\/\/www.linkedin.com\/settings\/<\/a><\/li>\n<li><strong>Google+ informativa:<\/strong>\u00a0<a href=\"http:\/\/www.google.it\/intl\/it\/policies\/technologies\/cookies\/\" target=\"_blank\" rel=\"noreferrer noopener\">http:\/\/www.google.it\/intl\/it\/policies\/technologies\/cookies\/<\/a><\/li>\n<li><strong>Google+ (configurazione):<\/strong>\u00a0<a href=\"http:\/\/www.google.it\/intl\/it\/policies\/technologies\/managing\/\" target=\"_blank\" rel=\"noreferrer noopener\">http:\/\/www.google.it\/intl\/it\/policies\/technologies\/managing\/<\/a><\/li>\n<\/ul>\n<p><strong>Google Analytics<\/strong><\/p>\n<p>Il sito include anche talune componenti trasmesse da Google Analytics, un servizio di analisi del traffico web fornito da Google, Inc. (\u201cGoogle\u201d). Anche in questo caso si tratta di cookie di terze parti raccolti e gestiti in modo anonimo per monitorare e migliorare le prestazioni del sito ospite (performance cookie).<\/p>\n<p>Google Analytics utilizza i \u201ccookie\u201d per raccogliere e analizzare in forma anonima le informazioni sui comportamenti di utilizzo del sito (compreso l\u2019indirizzo IP dell\u2019utente). Tali informazioni vengono raccolte da Google Analytics, che le elabora allo scopo di redigere report per i gestori del sito riguardanti le attivit\u00e0 sul sito web stessi. Questo sito non utilizza (e non consente a terzi di utilizzare) lo strumento di analisi di Google per monitorare o per raccogliere informazioni personali di identificazione. Google non associa l\u2019indirizzo IP a nessun altro dato posseduto da Google n\u00e9 cerca di collegare un indirizzo IP con l\u2019identit\u00e0 di un utente. Google pu\u00f2 anche comunicare queste informazioni a terzi ove ci\u00f2 sia imposto dalla legge o laddove tali terzi trattino le suddette informazioni per conto di Google.<\/p>\n<p>Per ulteriori informazioni, si rinvia a questo link:\u00a0<a href=\"https:\/\/www.google.it\/policies\/privacy\/partners\/\" target=\"_blank\" rel=\"noreferrer noopener\">https:\/\/www.google.it\/policies\/privacy\/partners\/<\/a><\/p>\n<p>L\u2019utente pu\u00f2 disabilitare in modo selettivo l\u2019azione di Google Analytics installando sul proprio browser la componente di opt-out fornito da Google. Per disabilitare l\u2019azione di Google Analytics, si rinvia a questo link:\u00a0<a href=\"https:\/\/tools.google.com\/dlpage\/gaoptout\" target=\"_blank\" rel=\"noreferrer noopener\">https:\/\/tools.google.com\/dlpage\/gaoptout<\/a><strong>Durata dei cookie<\/strong><\/p>\n<p>Alcuni cookie (cookie di sessione) restano attivi solo fino alla chiusura del browser o all\u2019esecuzione del comando di logout. Altri cookie \u201csopravvivono\u201d alla chiusura del browser e sono disponibili anche in successive visite dell\u2019utente.<\/p>\n<p>Questi cookie sono detti persistenti e la loro durata \u00e8 fissata dal server al momento della loro creazione. In alcuni casi \u00e8 fissata una scadenza, in altri casi la durata \u00e8 illimitata.<strong>Gestione dei cookie<\/strong><\/p>\n<p>L\u2019utente pu\u00f2 decidere se accettare o meno i cookie utilizzando le impostazioni del proprio browser.<\/p>\n<p>Attenzione: la disabilitazione totale o parziale dei cookie tecnici pu\u00f2 compromettere l\u2019utilizzo delle funzionalit\u00e0 del sito riservate agli utenti registrati. Al contrario, la fruibilit\u00e0 dei contenuti pubblici \u00e8 possibile anche disabilitando completamente i cookie.<\/p>\n<p>La disabilitazione dei cookie \u201cterze parti\u201d non pregiudica in alcun modo la navigabilit\u00e0.<\/p>\n<p>L\u2019impostazione pu\u00f2 essere definita in modo specifico per i diversi siti e applicazioni web. Inoltre i migliori browser consentono di definire impostazioni diverse per i cookie \u201cproprietari\u201d e per quelli di \u201cterze parti\u201d.<\/p>\n<p>A titolo di esempio, in Firefox, attraverso il menu Strumenti-&gt;Opzioni -&gt;Privacy, \u00e8 possibile accedere ad un pannello di controllo dove \u00e8 possibile definire se accettare o meno i diversi tipi di cookie e procedere alla loro rimozione.<\/p>\n<ul>\n<li style=\"list-style-type: none;\">\n<ul>\n<li><strong>Chrome:<\/strong>\u00a0<a href=\"https:\/\/support.google.com\/chrome\/answer\/95647\" target=\"_blank\" rel=\"noreferrer noopener\">https:\/\/support.google.com\/chrome\/answer\/95647<\/a><\/li>\n<li><strong>Firefox:<\/strong>\u00a0<a href=\"https:\/\/support.mozilla.org\/kb\/Gestione%20dei%20cookie\" target=\"_blank\" rel=\"noreferrer noopener\">https:\/\/support.mozilla.org\/kb\/Gestione%20dei%20cookie<\/a><\/li>\n<li><strong>Internet Explorer:<\/strong>\u00a0<a href=\"http:\/\/windows.microsoft.com\/it-it\/internet-explorer\/delete-manage-cookies\" target=\"_blank\" rel=\"noreferrer noopener\">http:\/\/windows.microsoft.com\/it-it\/internet-explorer\/delete-manage-cookies<\/a><\/li>\n<li><strong>Opera:<\/strong>\u00a0<a href=\"http:\/\/help.opera.com\/Windows\/10.00\/it\/cookies.html\" target=\"_blank\" rel=\"noreferrer noopener\">http:\/\/help.opera.com\/Windows\/10.00\/it\/cookies.html<\/a><\/li>\n<li><strong>Safari:<\/strong>\u00a0<a href=\"https:\/\/support.apple.com\/HT201265\" target=\"_blank\" rel=\"noreferrer noopener\">https:\/\/support.apple.com\/HT201265<\/a><\/li>\n<\/ul>\n<\/li>\n<\/ul>\n","protected":false},"excerpt":{"rendered":"<p>Al fine di rendere i propri servizi il pi\u00f9 possibile efficienti e semplici da utilizzare questo Sito fa uso di cookies. Pertanto, quando si visita il Sito, viene inserita una quantit\u00e0 minima di informazioni nel dispositivo dell\u2019Utente, come piccoli file di testo chiamati \u201ccookie\u201d, che vengono salvati nella directory del browser Web dell\u2019Utente. Esistono diversi [&#8230;]\n","protected":false},"author":1,"featured_media":0,"parent":0,"menu_order":0,"comment_status":"closed","ping_status":"closed","template":"page-blank-title-center.php","meta":{"_joinchat":[],"footnotes":""},"class_list":["post-328","page","type-page","status-publish","hentry"],"_links":{"self":[{"href":"https:\/\/simplydog.it\/index.php\/wp-json\/wp\/v2\/pages\/328","targetHints":{"allow":["GET"]}}],"collection":[{"href":"https:\/\/simplydog.it\/index.php\/wp-json\/wp\/v2\/pages"}],"about":[{"href":"https:\/\/simplydog.it\/index.php\/wp-json\/wp\/v2\/types\/page"}],"author":[{"embeddable":true,"href":"https:\/\/simplydog.it\/index.php\/wp-json\/wp\/v2\/users\/1"}],"replies":[{"embeddable":true,"href":"https:\/\/simplydog.it\/index.php\/wp-json\/wp\/v2\/comments?post=328"}],"version-history":[{"count":2,"href":"https:\/\/simplydog.it\/index.php\/wp-json\/wp\/v2\/pages\/328\/revisions"}],"predecessor-version":[{"id":330,"href":"https:\/\/simplydog.it\/index.php\/wp-json\/wp\/v2\/pages\/328\/revisions\/330"}],"wp:attachment":[{"href":"https:\/\/simplydog.it\/index.php\/wp-json\/wp\/v2\/media?parent=328"}],"curies":[{"name":"wp","href":"https:\/\/api.w.org\/{rel}","templated":true}]}}